{"id":2250,"date":"2020-12-06T17:38:00","date_gmt":"2020-12-06T17:38:00","guid":{"rendered":"https:\/\/webhitsminas.com.br\/home\/"},"modified":"2025-03-31T23:32:38","modified_gmt":"2025-03-31T23:32:38","slug":"home","status":"publish","type":"page","link":"https:\/\/webhitsminas.com.br\/","title":{"rendered":"Home"},"content":{"rendered":"\t\t<div data-elementor-type=\"wp-page\" data-elementor-id=\"2250\" class=\"elementor elementor-2250\" data-elementor-post-type=\"page\">\n\t\t\t\t<div data-particle_enable=\"false\" data-particle-mobile-disabled=\"false\" class=\"elementor-element elementor-element-7a2a017 e-con-full e-flex e-con e-parent\" data-id=\"7a2a017\" data-element_type=\"container\" data-settings=\"{&quot;position&quot;:&quot;fixed&quot;}\">\n\t\t<div data-particle_enable=\"false\" data-particle-mobile-disabled=\"false\" class=\"elementor-element elementor-element-9d26afb e-con-full e-flex e-con e-child\" data-id=\"9d26afb\" data-element_type=\"container\">\n\t\t\t\t<div class=\"elementor-element elementor-element-3ea8571 elementor-widget__width-initial elementor-widget elementor-widget-premium-addon-video-box\" data-id=\"3ea8571\" data-element_type=\"widget\" data-settings=\"{&quot;premium_video_box_video_type&quot;:&quot;dailymotion&quot;}\" data-widget_type=\"premium-addon-video-box.default\">\n\t\t\t\t<div class=\"elementor-widget-container\">\n\t\t\t\t\t\r\n\t\t\r\n\t\t\t\t\t<div data-play-viewport=\"true\" id=\"premium-video-box-container-3ea8571\" class=\"premium-video-box-container\" data-overlay=\"false\" data-type=\"dailymotion\" data-thumbnail=\"\" data-hover=\"none\">\r\n\t\t\t\t<div  >\r\n\t\t\t\t\t\r\n\t\t\t\t\t<div class=\"premium-video-box-inner-wrap\" data-video-animation=\" animated-\" data-delay-animation=\"\">\r\n\t\t\t\t\t\t<div data-src=\"https:\/\/www.youtube.com\/embed\/CRQLFZmloWU?feature=oembed?rel=0&amp;muted=0&amp;loop=1&amp;controls=0&amp;playsinline=1&amp;autoplay=1&amp;ui-logo=0&amp;ui-start-screen-info=0&amp;ui-highlight=\" class=\"premium-video-box-video-container\">\r\n\t\t\t\t\t\t\t\r\n\t\t\t\t\t\t\t\t\t\t\t\t\t<\/div>\r\n\t\t\t\t\t\t\t<div style=\"background-image:transparent\" class=\"premium-video-box-image-container none\"><\/div>\r\n\t\t\t\t\t\t\t\t\t\t\t\t\t\t\t\t\t\t\t\t\t\t\t\t\t\t\t\t\t\t\t<\/div>\r\n\r\n\t\t\t\t<\/div>\r\n\t\t\t<\/div>\r\n\t\t\r\n\t\t\t\t\t\t<\/div>\n\t\t\t\t<\/div>\n\t\t\t\t<\/div>\n\t\t<div data-particle_enable=\"false\" data-particle-mobile-disabled=\"false\" class=\"elementor-element elementor-element-da50922 e-con-full elementor-hidden-tablet e-flex e-con e-child\" data-id=\"da50922\" data-element_type=\"container\">\n\t\t\t\t<div class=\"elementor-element elementor-element-f43fd8f elementor-hidden-tablet elementor-widget elementor-widget-text-editor\" data-id=\"f43fd8f\" data-element_type=\"widget\" data-widget_type=\"text-editor.default\">\n\t\t\t\t<div class=\"elementor-widget-container\">\n\t\t\t\t\t\t\t\t\t<p>L<\/p>\t\t\t\t\t\t\t\t<\/div>\n\t\t\t\t<\/div>\n\t\t\t\t<div class=\"elementor-element elementor-element-efccb9c elementor-widget__width-initial elementor-widget elementor-widget-heading\" data-id=\"efccb9c\" data-element_type=\"widget\" data-widget_type=\"heading.default\">\n\t\t\t\t<div class=\"elementor-widget-container\">\n\t\t\t\t\t<h2 class=\"elementor-heading-title elementor-size-default\">WEB HITS MINAS<\/h2>\t\t\t\t<\/div>\n\t\t\t\t<\/div>\n\t\t\t\t<div class=\"elementor-element elementor-element-68fd96f elementor-widget elementor-widget-text-editor\" data-id=\"68fd96f\" data-element_type=\"widget\" data-widget_type=\"text-editor.default\">\n\t\t\t\t<div class=\"elementor-widget-container\">\n\t\t\t\t\t\t\t\t\t<h4 data-start=\"0\" data-end=\"286\">A <strong>Web Hits<\/strong> come\u00e7ou em 1998, quando Renato Melo, ainda adolescente, sonhou em criar uma r\u00e1dio diferente das tradicionais, sem comerciais invasivos e com foco na m\u00fasica. Surgiu como uma r\u00e1dio virtual, acess\u00edvel pela internet, se destacando como uma das primeiras r\u00e1dios web do Centro Oeste Mineiro online.<\/h4><h4 data-start=\"288\" data-end=\"565\">Com o tempo, a Web Hits conquistou ouvintes fora de Minas Gerais e, em 2018, passou a se chamar <strong>WEB HITS MINAS<\/strong> para refor\u00e7ar sua conex\u00e3o com o estado e refletir seu crescimento. Entre 2018 e 2023, a r\u00e1dio expandiu, criando 8 canais musicais, atendendo a diversos gostos.<\/h4><h4 data-start=\"567\" data-end=\"906\">Em 2024, <strong>Renato Melo<\/strong> voltou \u00e0 ess\u00eancia da r\u00e1dio, adotando uma programa\u00e7\u00e3o ecl\u00e9tica, onde todos os estilos musicais s\u00e3o ouvidos sem interrup\u00e7\u00f5es. Al\u00e9m disso, a r\u00e1dio come\u00e7ou a oferecer conte\u00fados variados, como resumos de novelas, not\u00edcias, dicas de sa\u00fade e previs\u00e3o do tempo, tornando-se ainda mais interativa e conectada com seus ouvintes.<\/h4><h4 data-start=\"908\" data-end=\"1057\">Hoje, a <strong>Web Hits Minas<\/strong> \u00e9 uma r\u00e1dio completa, com programa\u00e7\u00e3o diversificada e interativa, consolidada como uma das principais r\u00e1dios do Centro Oeste de Minas.<\/h4>\t\t\t\t\t\t\t\t<\/div>\n\t\t\t\t<\/div>\n\t\t<div data-particle_enable=\"false\" data-particle-mobile-disabled=\"false\" class=\"elementor-element elementor-element-d76a69d e-con-full e-flex e-con e-child\" data-id=\"d76a69d\" data-element_type=\"container\">\n\t\t<div data-particle_enable=\"false\" data-particle-mobile-disabled=\"false\" class=\"elementor-element elementor-element-84fbf73 e-grid e-con-full e-con e-child\" data-id=\"84fbf73\" data-element_type=\"container\">\n\t\t\t\t<div class=\"elementor-element elementor-element-16817c5 elementor-widget elementor-widget-html\" data-id=\"16817c5\" data-element_type=\"widget\" data-widget_type=\"html.default\">\n\t\t\t\t<div class=\"elementor-widget-container\">\n\t\t\t\t\t<a href=\"https:\/\/player.svrdedicado.org\/player\/6704\/1\/winamp.pls\"><img decoding=\"async\" src=\"https:\/\/player.svrdedicado.org\/img\/icones\/img-icone-player-winamp.png\" width=\"32\" height=\"32\" title=\"Ouvir no Winamp\" \/><\/a>\t\t\t\t<\/div>\n\t\t\t\t<\/div>\n\t\t\t\t<div class=\"elementor-element elementor-element-ac9ddca elementor-widget elementor-widget-html\" data-id=\"ac9ddca\" data-element_type=\"widget\" data-widget_type=\"html.default\">\n\t\t\t\t<div class=\"elementor-widget-container\">\n\t\t\t\t\t<a href=\"https:\/\/player.svrdedicado.org\/player\/6704\/1\/mediaplayer.asx\"><img decoding=\"async\" src=\"https:\/\/player.svrdedicado.org\/img\/icones\/img-icone-player-mediaplayer.png\" width=\"32\" height=\"32\" title=\"Ouvir no MediaPlayer\" \/><\/a>\t\t\t\t<\/div>\n\t\t\t\t<\/div>\n\t\t\t\t<div class=\"elementor-element elementor-element-c5bea3f elementor-widget elementor-widget-html\" data-id=\"c5bea3f\" data-element_type=\"widget\" data-widget_type=\"html.default\">\n\t\t\t\t<div class=\"elementor-widget-container\">\n\t\t\t\t\t<a href=\"https:\/\/player.svrdedicado.org\/player\/6704\/1\/realplayer.rm\"><img decoding=\"async\" src=\"https:\/\/player.svrdedicado.org\/img\/icones\/img-icone-player-realplayer.png\" width=\"32\" height=\"32\" title=\"Ouvir no RealPlayer\" \/><\/a>\t\t\t\t<\/div>\n\t\t\t\t<\/div>\n\t\t\t\t<div class=\"elementor-element elementor-element-d57d5fe elementor-widget elementor-widget-html\" data-id=\"d57d5fe\" data-element_type=\"widget\" data-widget_type=\"html.default\">\n\t\t\t\t<div class=\"elementor-widget-container\">\n\t\t\t\t\t<a href=\"https:\/\/player.svrdedicado.org\/player\/6704\/1\/vlc.m3u\"><img loading=\"lazy\" decoding=\"async\" src=\"https:\/\/player.svrdedicado.org\/img\/icones\/img-icone-player-vlc.png\" width=\"32\" height=\"32\" title=\"Ouvir no VLC\" \/><\/a>\t\t\t\t<\/div>\n\t\t\t\t<\/div>\n\t\t\t\t<div class=\"elementor-element elementor-element-74167ce elementor-widget elementor-widget-html\" data-id=\"74167ce\" data-element_type=\"widget\" data-widget_type=\"html.default\">\n\t\t\t\t<div class=\"elementor-widget-container\">\n\t\t\t\t\t<a href=\"https:\/\/player.svrdedicado.org\/player\/6704\/1\/quicktime.qtl\"><img loading=\"lazy\" decoding=\"async\" src=\"https:\/\/player.svrdedicado.org\/img\/icones\/img-icone-player-qt.png\" width=\"32\" height=\"32\" title=\"Ouvir no QuickTime\" \/><\/a>\t\t\t\t<\/div>\n\t\t\t\t<\/div>\n\t\t\t\t<div class=\"elementor-element elementor-element-bd6bbc1 elementor-widget elementor-widget-html\" data-id=\"bd6bbc1\" data-element_type=\"widget\" data-widget_type=\"html.default\">\n\t\t\t\t<div class=\"elementor-widget-container\">\n\t\t\t\t\t<a href=\"https:\/\/player.svrdedicado.org\/player\/6704\/1\/iphone.m3u\"><img loading=\"lazy\" decoding=\"async\" src=\"https:\/\/player.svrdedicado.org\/img\/icones\/img-icone-player-iphone.png\" width=\"32\" height=\"32\" title=\"Ouvir no iPhone\" \/><\/a>\t\t\t\t<\/div>\n\t\t\t\t<\/div>\n\t\t\t\t<div class=\"elementor-element elementor-element-95b3672 elementor-widget elementor-widget-html\" data-id=\"95b3672\" data-element_type=\"widget\" data-widget_type=\"html.default\">\n\t\t\t\t<div class=\"elementor-widget-container\">\n\t\t\t\t\t<a href=\"https:\/\/player.svrdedicado.org\/player\/6704\/1\/android.m3u\"><img loading=\"lazy\" decoding=\"async\" src=\"https:\/\/player.svrdedicado.org\/img\/icones\/img-icone-player-android.png\" width=\"32\" height=\"32\" title=\"Ouvir no Android\" \/><\/a>\t\t\t\t<\/div>\n\t\t\t\t<\/div>\n\t\t\t\t<div class=\"elementor-element elementor-element-da0673b elementor-widget elementor-widget-html\" data-id=\"da0673b\" data-element_type=\"widget\" data-widget_type=\"html.default\">\n\t\t\t\t<div class=\"elementor-widget-container\">\n\t\t\t\t\t<a href=\"https:\/\/player.svrdedicado.org\/player\/6704\/1\/itunes.pls\"><img loading=\"lazy\" decoding=\"async\" src=\"https:\/\/player.svrdedicado.org\/img\/icones\/img-icone-player-itunes.png\" width=\"32\" height=\"32\" title=\"Ouvir no Winamp\" \/><\/a>\t\t\t\t<\/div>\n\t\t\t\t<\/div>\n\t\t\t\t<div class=\"elementor-element elementor-element-13766ba elementor-widget elementor-widget-html\" data-id=\"13766ba\" data-element_type=\"widget\" data-widget_type=\"html.default\">\n\t\t\t\t<div class=\"elementor-widget-container\">\n\t\t\t\t\t<a href=\"https:\/\/player.svrdedicado.org\/player\/6704\/1\/blackberry.pls\"><img loading=\"lazy\" decoding=\"async\" src=\"https:\/\/player.svrdedicado.org\/img\/icones\/img-icone-player-blackberry.png\" width=\"32\" height=\"32\" title=\"Ouvir no BlackBerry\" \/><\/a>\t\t\t\t<\/div>\n\t\t\t\t<\/div>\n\t\t\t\t<\/div>\n\t\t\t\t<\/div>\n\t\t\t\t<\/div>\n\t\t\t\t<\/div>\n\t\t\t\t<\/div>\n\t\t","protected":false},"excerpt":{"rendered":"<p>L WEB HITS MINAS A Web Hits come\u00e7ou em 1998, quando Renato Melo, ainda adolescente, sonhou em criar uma r\u00e1dio diferente das tradicionais, sem comerciais invasivos e com foco na m\u00fasica. Surgiu como uma r\u00e1dio virtual, acess\u00edvel pela internet, se destacando como uma das primeiras r\u00e1dios web do Centro Oeste Mineiro online. Com o tempo, [&hellip;]<\/p>\n","protected":false},"author":1,"featured_media":0,"parent":0,"menu_order":0,"comment_status":"closed","ping_status":"closed","template":"","meta":{"footnotes":""},"class_list":["post-2250","page","type-page","status-publish","hentry"],"_links":{"self":[{"href":"https:\/\/webhitsminas.com.br\/index.php?rest_route=\/wp\/v2\/pages\/2250","targetHints":{"allow":["GET"]}}],"collection":[{"href":"https:\/\/webhitsminas.com.br\/index.php?rest_route=\/wp\/v2\/pages"}],"about":[{"href":"https:\/\/webhitsminas.com.br\/index.php?rest_route=\/wp\/v2\/types\/page"}],"author":[{"embeddable":true,"href":"https:\/\/webhitsminas.com.br\/index.php?rest_route=\/wp\/v2\/users\/1"}],"replies":[{"embeddable":true,"href":"https:\/\/webhitsminas.com.br\/index.php?rest_route=%2Fwp%2Fv2%2Fcomments&post=2250"}],"version-history":[{"count":144,"href":"https:\/\/webhitsminas.com.br\/index.php?rest_route=\/wp\/v2\/pages\/2250\/revisions"}],"predecessor-version":[{"id":2644,"href":"https:\/\/webhitsminas.com.br\/index.php?rest_route=\/wp\/v2\/pages\/2250\/revisions\/2644"}],"wp:attachment":[{"href":"https:\/\/webhitsminas.com.br\/index.php?rest_route=%2Fwp%2Fv2%2Fmedia&parent=2250"}],"curies":[{"name":"wp","href":"https:\/\/api.w.org\/{rel}","templated":true}]}}